{"id":29,"date":"2025-06-17T17:25:57","date_gmt":"2025-06-17T20:25:57","guid":{"rendered":"https:\/\/icfast.com.br\/blog\/?page_id=29"},"modified":"2025-07-17T04:56:08","modified_gmt":"2025-07-17T07:56:08","slug":"home","status":"publish","type":"page","link":"https:\/\/icfast.com.br\/blog\/","title":{"rendered":""},"content":{"rendered":"\n<h2 class=\"wp-block-heading\"><strong>Geotecnologia que conecta pessoas, empresas e governos<\/strong>.<\/h2>\n\n\n\n<p>Este blog \u00e9 refer\u00eancia para clientes, profissionais e gestores p\u00fablicos que buscam entender como as solu\u00e7\u00f5es da <a href=\"https:\/\/www.icfast.com.br\"><strong>ICFAST.GIS<\/strong><\/a> podem aprimorar projetos corporativos e fortalecer os instrumentos de planejamento e gest\u00e3o territorial em munic\u00edpios.<\/p>\n\n\n\n<p><strong>Com publica\u00e7\u00f5es regulares, o blog abordar\u00e1 temas como legisla\u00e7\u00f5es, aplicabilidade das solu\u00e7\u00f5es, processos de trabalho e tend\u00eancias. Cada artigo contar\u00e1 com aplica\u00e7\u00f5es pr\u00e1ticas dessas tecnologias, por exemplo:<\/strong><\/p>\n\n\n\n<ul class=\"wp-block-list\">\n<li><strong>Aerolevantamento para melhorar a arrecada\u00e7\u00e3o de IPTU<\/strong>;<\/li>\n\n\n\n<li><strong>Uso do Plano Diretor<\/strong> para aprimorar a qualidade de vida e facilitar acesso a financiamentos e programas federais;<\/li>\n\n\n\n<li><strong>Integra\u00e7\u00e3o da gest\u00e3o territorial<\/strong> e desenvolvimento de projetos que impulsionem a moderniza\u00e7\u00e3o da gest\u00e3o p\u00fablica.<\/li>\n<\/ul>\n\n\n\n<p>Esta p\u00e1gina re\u00fane conte\u00fado t\u00e9cnico, casos pr\u00e1ticos e ferramentas avan\u00e7adas para apoiar empresas e governos que buscam a moderniza\u00e7\u00e3o. Ele se destaca como canal essencial para quem quer entender como geotecnologias como aerolevantamento, SIG e LiDAR podem gerar efici\u00eancia e aumento de receita sem elevar tributos. Para gestores, t\u00e9cnicos e entusiastas de geoinforma\u00e7\u00e3o, o blog oferece an\u00e1lises valiosas e insights aplic\u00e1veis de forma imediata \u00e0 realidade municipal.<\/p>\n","protected":false},"excerpt":{"rendered":"<p>Geotecnologia que conecta pessoas, empresas e governos. Este blog \u00e9 refer\u00eancia para clientes, profissionais e gestores p\u00fablicos que buscam entender [&hellip;]<\/p>\n","protected":false},"author":2,"featured_media":0,"parent":0,"menu_order":0,"comment_status":"closed","ping_status":"closed","template":"","meta":{"site-sidebar-layout":"default","site-content-layout":"","ast-site-content-layout":"default","site-content-style":"default","site-sidebar-style":"default","ast-global-header-display":"","ast-banner-title-visibility":"","ast-main-header-display":"","ast-hfb-above-header-display":"","ast-hfb-below-header-display":"","ast-hfb-mobile-header-display":"","site-post-title":"","ast-breadcrumbs-content":"","ast-featured-img":"","footer-sml-layout":"","theme-transparent-header-meta":"","adv-header-id-meta":"","stick-header-meta":"","header-above-stick-meta":"","header-main-stick-meta":"","header-below-stick-meta":"","astra-migrate-meta-layouts":"default","ast-page-background-enabled":"default","ast-page-background-meta":{"desktop":{"background-color":"var(--ast-global-color-5)","background-image":"","background-repeat":"repeat","background-position":"center center","background-size":"auto","background-attachment":"scroll","background-type":"","background-media":"","overlay-type":"","overlay-color":"","overlay-opacity":"","overlay-gradient":""},"tablet":{"background-color":"","background-image":"","background-repeat":"repeat","background-position":"center center","background-size":"auto","background-attachment":"scroll","background-type":"","background-media":"","overlay-type":"","overlay-color":"","overlay-opacity":"","overlay-gradient":""},"mobile":{"background-color":"","background-image":"","background-repeat":"repeat","background-position":"center center","background-size":"auto","background-attachment":"scroll","background-type":"","background-media":"","overlay-type":"","overlay-color":"","overlay-opacity":"","overlay-gradient":""}},"ast-content-background-meta":{"desktop":{"background-color":"var(--ast-global-color-4)","background-image":"","background-repeat":"repeat","background-position":"center center","background-size":"auto","background-attachment":"scroll","background-type":"","background-media":"","overlay-type":"","overlay-color":"","overlay-opacity":"","overlay-gradient":""},"tablet":{"background-color":"var(--ast-global-color-4)","background-image":"","background-repeat":"repeat","background-position":"center center","background-size":"auto","background-attachment":"scroll","background-type":"","background-media":"","overlay-type":"","overlay-color":"","overlay-opacity":"","overlay-gradient":""},"mobile":{"background-color":"var(--ast-global-color-4)","background-image":"","background-repeat":"repeat","background-position":"center center","background-size":"auto","background-attachment":"scroll","background-type":"","background-media":"","overlay-type":"","overlay-color":"","overlay-opacity":"","overlay-gradient":""}},"footnotes":""},"class_list":["post-29","page","type-page","status-publish","hentry"],"aioseo_notices":[],"_links":{"self":[{"href":"https:\/\/icfast.com.br\/blog\/wp-json\/wp\/v2\/pages\/29","targetHints":{"allow":["GET"]}}],"collection":[{"href":"https:\/\/icfast.com.br\/blog\/wp-json\/wp\/v2\/pages"}],"about":[{"href":"https:\/\/icfast.com.br\/blog\/wp-json\/wp\/v2\/types\/page"}],"author":[{"embeddable":true,"href":"https:\/\/icfast.com.br\/blog\/wp-json\/wp\/v2\/users\/2"}],"replies":[{"embeddable":true,"href":"https:\/\/icfast.com.br\/blog\/wp-json\/wp\/v2\/comments?post=29"}],"version-history":[{"count":11,"href":"https:\/\/icfast.com.br\/blog\/wp-json\/wp\/v2\/pages\/29\/revisions"}],"predecessor-version":[{"id":231,"href":"https:\/\/icfast.com.br\/blog\/wp-json\/wp\/v2\/pages\/29\/revisions\/231"}],"wp:attachment":[{"href":"https:\/\/icfast.com.br\/blog\/wp-json\/wp\/v2\/media?parent=29"}],"curies":[{"name":"wp","href":"https:\/\/api.w.org\/{rel}","templated":true}]}}